{"id":610,"date":"2025-04-22T19:50:44","date_gmt":"2025-04-22T19:50:44","guid":{"rendered":"https:\/\/autosdeepoca.com\/nuevo\/?post_type=product&#038;p=610"},"modified":"2025-04-22T19:50:44","modified_gmt":"2025-04-22T19:50:44","slug":"fiat-nuovo-500-ano-1958-transformable","status":"publish","type":"product","link":"https:\/\/autosdeepoca.com\/nuevo\/product\/fiat-nuovo-500-ano-1958-transformable\/","title":{"rendered":"Fiat Nuovo 500 a\u00f1o 1958 Transformable"},"content":{"rendered":"<p>Fiat Nuovo 500 a\u00f1o 1958 Transformable, \u00fanico e impecable, Coleccionistas y entendidos pieza 100% 100 original<\/p>\n","protected":false},"excerpt":{"rendered":"<p>Fiat Nuovo 500 a\u00f1o 1958 Transformable, \u00fanico e impecable, Coleccionistas y entendidos pieza 100% 100 original<\/p>\n","protected":false},"featured_media":611,"comment_status":"open","ping_status":"closed","template":"","meta":[],"product_brand":[50],"product_cat":[49],"product_tag":[],"class_list":{"0":"post-610","1":"product","2":"type-product","3":"status-publish","4":"has-post-thumbnail","6":"product_brand-fiat","7":"product_cat-fiat","8":"post","10":"first","11":"instock","12":"shipping-taxable","13":"product-type-simple"},"_links":{"self":[{"href":"https:\/\/autosdeepoca.com\/nuevo\/wp-json\/wp\/v2\/product\/610","targetHints":{"allow":["GET"]}}],"collection":[{"href":"https:\/\/autosdeepoca.com\/nuevo\/wp-json\/wp\/v2\/product"}],"about":[{"href":"https:\/\/autosdeepoca.com\/nuevo\/wp-json\/wp\/v2\/types\/product"}],"replies":[{"embeddable":true,"href":"https:\/\/autosdeepoca.com\/nuevo\/wp-json\/wp\/v2\/comments?post=610"}],"wp:featuredmedia":[{"embeddable":true,"href":"https:\/\/autosdeepoca.com\/nuevo\/wp-json\/wp\/v2\/media\/611"}],"wp:attachment":[{"href":"https:\/\/autosdeepoca.com\/nuevo\/wp-json\/wp\/v2\/media?parent=610"}],"wp:term":[{"taxonomy":"product_brand","embeddable":true,"href":"https:\/\/autosdeepoca.com\/nuevo\/wp-json\/wp\/v2\/product_brand?post=610"},{"taxonomy":"product_cat","embeddable":true,"href":"https:\/\/autosdeepoca.com\/nuevo\/wp-json\/wp\/v2\/product_cat?post=610"},{"taxonomy":"product_tag","embeddable":true,"href":"https:\/\/autosdeepoca.com\/nuevo\/wp-json\/wp\/v2\/product_tag?post=610"}],"curies":[{"name":"wp","href":"https:\/\/api.w.org\/{rel}","templated":true}]}}