{"id":574,"date":"2025-04-22T19:40:21","date_gmt":"2025-04-22T19:40:21","guid":{"rendered":"https:\/\/autosdeepoca.com\/nuevo\/?post_type=product&#038;p=574"},"modified":"2025-04-22T19:40:21","modified_gmt":"2025-04-22T19:40:21","slug":"ford-t-coupe-ano-1923","status":"publish","type":"product","link":"https:\/\/autosdeepoca.com\/nuevo\/product\/ford-t-coupe-ano-1923\/","title":{"rendered":"Ford T Coupe a\u00f1o 1923"},"content":{"rendered":"<p>Ford T Coupe a\u00f1o 1923<br \/>\nMuy raro y poco com\u00fan en esa carrocer\u00eda.<br \/>\nEstado original sin faltantes y funcionando\u00a0muy\u00a0bien<\/p>\n","protected":false},"excerpt":{"rendered":"<p>Ford T Coupe a\u00f1o 1923 Muy raro y poco com\u00fan en esa carrocer\u00eda. Estado original sin faltantes y funcionando\u00a0muy\u00a0bien<\/p>\n","protected":false},"featured_media":575,"comment_status":"open","ping_status":"closed","template":"","meta":[],"product_brand":[25],"product_cat":[20],"product_tag":[],"class_list":{"0":"post-574","1":"product","2":"type-product","3":"status-publish","4":"has-post-thumbnail","6":"product_brand-ford","7":"product_cat-ford","8":"post","10":"first","11":"instock","12":"shipping-taxable","13":"product-type-simple"},"_links":{"self":[{"href":"https:\/\/autosdeepoca.com\/nuevo\/wp-json\/wp\/v2\/product\/574","targetHints":{"allow":["GET"]}}],"collection":[{"href":"https:\/\/autosdeepoca.com\/nuevo\/wp-json\/wp\/v2\/product"}],"about":[{"href":"https:\/\/autosdeepoca.com\/nuevo\/wp-json\/wp\/v2\/types\/product"}],"replies":[{"embeddable":true,"href":"https:\/\/autosdeepoca.com\/nuevo\/wp-json\/wp\/v2\/comments?post=574"}],"wp:featuredmedia":[{"embeddable":true,"href":"https:\/\/autosdeepoca.com\/nuevo\/wp-json\/wp\/v2\/media\/575"}],"wp:attachment":[{"href":"https:\/\/autosdeepoca.com\/nuevo\/wp-json\/wp\/v2\/media?parent=574"}],"wp:term":[{"taxonomy":"product_brand","embeddable":true,"href":"https:\/\/autosdeepoca.com\/nuevo\/wp-json\/wp\/v2\/product_brand?post=574"},{"taxonomy":"product_cat","embeddable":true,"href":"https:\/\/autosdeepoca.com\/nuevo\/wp-json\/wp\/v2\/product_cat?post=574"},{"taxonomy":"product_tag","embeddable":true,"href":"https:\/\/autosdeepoca.com\/nuevo\/wp-json\/wp\/v2\/product_tag?post=574"}],"curies":[{"name":"wp","href":"https:\/\/api.w.org\/{rel}","templated":true}]}}