{"id":410,"date":"2025-04-22T19:02:50","date_gmt":"2025-04-22T19:02:50","guid":{"rendered":"https:\/\/autosdeepoca.com\/nuevo\/?post_type=product&#038;p=410"},"modified":"2025-04-22T19:03:15","modified_gmt":"2025-04-22T19:03:15","slug":"chevrolet-sport-roadters-de-1934","status":"publish","type":"product","link":"https:\/\/autosdeepoca.com\/nuevo\/product\/chevrolet-sport-roadters-de-1934\/","title":{"rendered":"Chevrolet Sport Roadster de 1934"},"content":{"rendered":"<p>Chevrolet Sport Roadster de 1934, una de 1915 producidas, modelo muy escaso de producci\u00f3n y en un estado \u00fanico de conservaci\u00f3n.<\/p>\n","protected":false},"excerpt":{"rendered":"<p>Chevrolet Sport Roadster de 1934, una de 1915 producidas, modelo muy escaso de producci\u00f3n y en un estado \u00fanico de conservaci\u00f3n.<\/p>\n","protected":false},"featured_media":411,"comment_status":"open","ping_status":"closed","template":"","meta":[],"product_brand":[27],"product_cat":[26],"product_tag":[],"class_list":{"0":"post-410","1":"product","2":"type-product","3":"status-publish","4":"has-post-thumbnail","6":"product_brand-chevrolet","7":"product_cat-chevrolet","8":"post","10":"first","11":"instock","12":"shipping-taxable","13":"product-type-simple"},"_links":{"self":[{"href":"https:\/\/autosdeepoca.com\/nuevo\/wp-json\/wp\/v2\/product\/410","targetHints":{"allow":["GET"]}}],"collection":[{"href":"https:\/\/autosdeepoca.com\/nuevo\/wp-json\/wp\/v2\/product"}],"about":[{"href":"https:\/\/autosdeepoca.com\/nuevo\/wp-json\/wp\/v2\/types\/product"}],"replies":[{"embeddable":true,"href":"https:\/\/autosdeepoca.com\/nuevo\/wp-json\/wp\/v2\/comments?post=410"}],"wp:featuredmedia":[{"embeddable":true,"href":"https:\/\/autosdeepoca.com\/nuevo\/wp-json\/wp\/v2\/media\/411"}],"wp:attachment":[{"href":"https:\/\/autosdeepoca.com\/nuevo\/wp-json\/wp\/v2\/media?parent=410"}],"wp:term":[{"taxonomy":"product_brand","embeddable":true,"href":"https:\/\/autosdeepoca.com\/nuevo\/wp-json\/wp\/v2\/product_brand?post=410"},{"taxonomy":"product_cat","embeddable":true,"href":"https:\/\/autosdeepoca.com\/nuevo\/wp-json\/wp\/v2\/product_cat?post=410"},{"taxonomy":"product_tag","embeddable":true,"href":"https:\/\/autosdeepoca.com\/nuevo\/wp-json\/wp\/v2\/product_tag?post=410"}],"curies":[{"name":"wp","href":"https:\/\/api.w.org\/{rel}","templated":true}]}}