{"id":197,"date":"2025-04-22T15:37:09","date_gmt":"2025-04-22T15:37:09","guid":{"rendered":"https:\/\/autosdeepoca.com\/nuevo\/?post_type=product&#038;p=197"},"modified":"2025-04-22T15:37:09","modified_gmt":"2025-04-22T15:37:09","slug":"ford-econoline-americana-ano-1994-linea-nueva","status":"publish","type":"product","link":"https:\/\/autosdeepoca.com\/nuevo\/product\/ford-econoline-americana-ano-1994-linea-nueva\/","title":{"rendered":"Ford Econoline Americana a\u00f1o 1994 l\u00ednea nueva"},"content":{"rendered":"<p>Motor V8 caja autom\u00e1tica, carrocer\u00eda Chariot Vans<\/p>\n","protected":false},"excerpt":{"rendered":"<p>Motor V8 caja autom\u00e1tica, carrocer\u00eda Chariot Vans<\/p>\n","protected":false},"featured_media":198,"comment_status":"open","ping_status":"closed","template":"","meta":[],"product_brand":[25],"product_cat":[20],"product_tag":[],"class_list":{"0":"post-197","1":"product","2":"type-product","3":"status-publish","4":"has-post-thumbnail","6":"product_brand-ford","7":"product_cat-ford","8":"post","10":"first","11":"instock","12":"shipping-taxable","13":"product-type-simple"},"_links":{"self":[{"href":"https:\/\/autosdeepoca.com\/nuevo\/wp-json\/wp\/v2\/product\/197","targetHints":{"allow":["GET"]}}],"collection":[{"href":"https:\/\/autosdeepoca.com\/nuevo\/wp-json\/wp\/v2\/product"}],"about":[{"href":"https:\/\/autosdeepoca.com\/nuevo\/wp-json\/wp\/v2\/types\/product"}],"replies":[{"embeddable":true,"href":"https:\/\/autosdeepoca.com\/nuevo\/wp-json\/wp\/v2\/comments?post=197"}],"wp:featuredmedia":[{"embeddable":true,"href":"https:\/\/autosdeepoca.com\/nuevo\/wp-json\/wp\/v2\/media\/198"}],"wp:attachment":[{"href":"https:\/\/autosdeepoca.com\/nuevo\/wp-json\/wp\/v2\/media?parent=197"}],"wp:term":[{"taxonomy":"product_brand","embeddable":true,"href":"https:\/\/autosdeepoca.com\/nuevo\/wp-json\/wp\/v2\/product_brand?post=197"},{"taxonomy":"product_cat","embeddable":true,"href":"https:\/\/autosdeepoca.com\/nuevo\/wp-json\/wp\/v2\/product_cat?post=197"},{"taxonomy":"product_tag","embeddable":true,"href":"https:\/\/autosdeepoca.com\/nuevo\/wp-json\/wp\/v2\/product_tag?post=197"}],"curies":[{"name":"wp","href":"https:\/\/api.w.org\/{rel}","templated":true}]}}