{"id":122,"date":"2025-03-13T18:02:32","date_gmt":"2025-03-13T18:02:32","guid":{"rendered":"https:\/\/autosdeepoca.com\/nuevo\/?page_id=122"},"modified":"2025-07-14T14:44:54","modified_gmt":"2025-07-14T14:44:54","slug":"inicio2","status":"publish","type":"page","link":"https:\/\/autosdeepoca.com\/nuevo\/","title":{"rendered":"inicio2"},"content":{"rendered":"<div id=\"pl-122\"  class=\"panel-layout\" ><div id=\"pg-122-0\"  class=\"panel-grid panel-has-style\" ><div class=\"siteorigin-panels-stretch panel-row-style panel-row-style-for-122-0\" data-stretch-type=\"full-width-stretch\" ><div id=\"pgc-122-0-0\"  class=\"panel-grid-cell\" ><div id=\"panel-122-0-0-0\" class=\"so-panel widget widget_sow-hero panel-first-child panel-last-child\" data-index=\"0\" ><div\n\t\t\t\n\t\t\tclass=\"so-widget-sow-hero so-widget-sow-hero-default-1ec86ac872b8-122 so-widget-fittext-wrapper\"\n\t\t\t data-fit-text-compressor=\"0.85\"\n\t\t>\t\t\t\t<div class=\"sow-slider-base\" style=\"display: none\" tabindex=\"0\">\n\t\t\t\t\t<ul\n\t\t\t\t\tclass=\"sow-slider-images\"\n\t\t\t\t\tdata-settings=\"{&quot;pagination&quot;:true,&quot;speed&quot;:800,&quot;timeout&quot;:8000,&quot;paused&quot;:false,&quot;pause_on_hover&quot;:false,&quot;swipe&quot;:true,&quot;nav_always_show_desktop&quot;:&quot;&quot;,&quot;nav_always_show_mobile&quot;:&quot;&quot;,&quot;breakpoint&quot;:&quot;780px&quot;,&quot;unmute&quot;:false,&quot;anchor&quot;:null}\"\n\t\t\t\t\tstyle=\"min-height: 875px\"\t\t\t\t\tdata-anchor-id=\"\"\n\t\t\t\t>\t\t<li class=\"sow-slider-image  sow-slider-image-cover\" style=\"visibility: visible;;background-color: #333333\" >\n\t\t\t\t\t<div class=\"sow-slider-image-container\">\n\t\t\t<div class=\"sow-slider-image-wrapper\">\n\t\t\t\t<h1 style=\"text-align: center\">Distinguidamente Diferente<\/h1>\n\t\t\t<\/div>\n\t\t<\/div>\n\t\t<video class=\"sow-background-element\" autoplay loop style=\"opacity: 1\" muted playsinline><source src=\"https:\/\/autosdeepoca.com\/nuevo\/wp-content\/uploads\/2025\/04\/Video-de-WhatsApp-2025-04-29-a-las-15.44.10_7a98a421.mp4\" type=\"video\/webm\"><\/video><div class=\"sow-slider-image-overlay sow-slider-image-cover\" style=\"opacity: 0.5;background-image: url(https:\/\/layouts.siteorigin.com\/wp-content\/uploads\/2017\/05\/bike-1245889_1280.jpg)\"  ><\/div>\t\t<\/li>\n\t\t<\/ul>\t\t\t\t<ol class=\"sow-slider-pagination\">\n\t\t\t\t\t\t\t\t\t\t\t<li><a href=\"#\" data-goto=\"0\" aria-label=\"Display slide 1\"><\/a><\/li>\n\t\t\t\t\t\t\t\t\t<\/ol>\n\n\t\t\t\t<div class=\"sow-slide-nav sow-slide-nav-next\">\n\t\t\t\t\t<a href=\"#\" data-goto=\"next\" aria-label=\"Next slide\" data-action=\"next\">\n\t\t\t\t\t\t<em class=\"sow-sld-icon-thin-right\"><\/em>\n\t\t\t\t\t<\/a>\n\t\t\t\t<\/div>\n\n\t\t\t\t<div class=\"sow-slide-nav sow-slide-nav-prev\">\n\t\t\t\t\t<a href=\"#\" data-goto=\"previous\" aria-label=\"Previous slide\" data-action=\"prev\">\n\t\t\t\t\t\t<em class=\"sow-sld-icon-thin-left\"><\/em>\n\t\t\t\t\t<\/a>\n\t\t\t\t<\/div>\n\t\t\t\t<\/div><\/div><\/div><\/div><\/div><\/div><div id=\"pg-122-1\"  class=\"panel-grid panel-has-style\" ><div class=\"siteorigin-panels-stretch panel-row-style panel-row-style-for-122-1\" data-stretch-type=\"full-width-stretch\" ><div id=\"pgc-122-1-0\"  class=\"panel-grid-cell\" ><div id=\"panel-122-1-0-0\" class=\"so-panel widget widget_sow-editor panel-first-child panel-last-child\" data-index=\"1\" ><div\n\t\t\t\n\t\t\tclass=\"so-widget-sow-editor so-widget-sow-editor-base\"\n\t\t\t\n\t\t><h3 class=\"widget-title\">SOBRE NOSOTROS<\/h3>\n<div class=\"siteorigin-widget-tinymce textwidget\">\n\t<div class=\"elementor-element elementor-element-8bee072 elementor-widget elementor-widget-heading\" data-id=\"8bee072\" data-element_type=\"widget\" data-widget_type=\"heading.default\">\n<div class=\"elementor-widget-container\">\n<h2 class=\"elementor-heading-title elementor-size-default\">\u00a1Bienvenidos a Autos de \u00e9poca!<\/h2>\n<\/div>\n<\/div>\n<p class=\"ds-markdown-paragraph\">Aqu\u00ed revivimos la elegancia y el esp\u00edritu de los autom\u00f3viles que marcaron \u00e9poca. Somos apasionados por los autos cl\u00e1sicos y nos dedicamos a conectar a coleccionistas y amantes de estos tesoros sobre ruedas con las piezas m\u00e1s exclusivas y bien conservadas.<\/p>\n<p class=\"ds-markdown-paragraph\">Nuestra plataforma ofrece una selecci\u00f3n cuidadosamente curada de veh\u00edculos emblem\u00e1ticos de los a\u00f1os 50, 60, 70 y m\u00e1s, garantizando autenticidad, calidad y un pedazo de historia automotriz. Desde deportivos legendarios hasta sedanes de lujo, cada auto en nuestro cat\u00e1logo ha sido inspeccionado para asegurar su valor y rendimiento.<\/p>\n<p class=\"ds-markdown-paragraph\">Aqu\u00ed encontrar\u00e1s joyas \u00fanicas, con detalles t\u00e9cnicos, fotos en alta resoluci\u00f3n y asesoramiento experto.<\/p>\n<\/div>\n<\/div><\/div><\/div><div id=\"pgc-122-1-1\"  class=\"panel-grid-cell\" ><div id=\"panel-122-1-1-0\" class=\"so-panel widget widget_media_video panel-first-child panel-last-child\" data-index=\"2\" ><div style=\"width:100%;\" class=\"wp-video\"><video class=\"wp-video-shortcode\" id=\"video-122-1\" preload=\"metadata\" controls=\"controls\"><source type=\"video\/youtube\" src=\"https:\/\/youtu.be\/xPbZUkrOEmI?_=1\" \/><a href=\"https:\/\/youtu.be\/xPbZUkrOEmI\">https:\/\/youtu.be\/xPbZUkrOEmI<\/a><\/video><\/div><\/div><\/div><\/div><\/div><div id=\"pg-122-2\"  class=\"panel-grid panel-has-style panel-has-overlay\" ><div class=\"siteorigin-panels-stretch panel-row-style panel-row-style-for-122-2\" data-stretch-type=\"full-width-stretch\" >\t\t\t\t<div\n\t\t\t\t\tclass=\"panel-background-overlay\"\n\t\t\t\t\t\t\t\t\t\t\tstyle=\"background-image:url(https:\/\/autosdeepoca.com\/nuevo\/wp-content\/uploads\/2024\/05\/fondo-auto3.jpg);background-attachment:fixed;background-position:center center;background-size:cover;opacity:0.51;\"\n\t\t\t\t\t\t\t\t\t>\n\t\t\t\t\t\t\t\t\t<\/div>\n\t\t\t\t<div id=\"pgc-122-2-0\"  class=\"panel-grid-cell\" ><div id=\"panel-122-2-0-0\" class=\"so-panel widget widget_sow-image panel-first-child\" data-index=\"3\" ><div class=\"panel-widget-style panel-widget-style-for-122-2-0-0\" ><div\n\t\t\t\n\t\t\tclass=\"so-widget-sow-image so-widget-sow-image-default-c67d20f9f743-122\"\n\t\t\t\n\t\t>\n<div class=\"sow-image-container\">\n\t\t<img \n\tsrc=\"https:\/\/autosdeepoca.com\/nuevo\/wp-content\/uploads\/2024\/05\/fondo-auto3.jpg\" width=\"1920\" height=\"1282\" srcset=\"https:\/\/autosdeepoca.com\/nuevo\/wp-content\/uploads\/2024\/05\/fondo-auto3.jpg 1920w, https:\/\/autosdeepoca.com\/nuevo\/wp-content\/uploads\/2024\/05\/fondo-auto3-600x401.jpg 600w, https:\/\/autosdeepoca.com\/nuevo\/wp-content\/uploads\/2024\/05\/fondo-auto3-300x200.jpg 300w, https:\/\/autosdeepoca.com\/nuevo\/wp-content\/uploads\/2024\/05\/fondo-auto3-1024x684.jpg 1024w, https:\/\/autosdeepoca.com\/nuevo\/wp-content\/uploads\/2024\/05\/fondo-auto3-768x513.jpg 768w, https:\/\/autosdeepoca.com\/nuevo\/wp-content\/uploads\/2024\/05\/fondo-auto3-1536x1026.jpg 1536w, https:\/\/autosdeepoca.com\/nuevo\/wp-content\/uploads\/2024\/05\/fondo-auto3-1080x721.jpg 1080w, https:\/\/autosdeepoca.com\/nuevo\/wp-content\/uploads\/2024\/05\/fondo-auto3-1280x855.jpg 1280w, https:\/\/autosdeepoca.com\/nuevo\/wp-content\/uploads\/2024\/05\/fondo-auto3-980x654.jpg 980w, https:\/\/autosdeepoca.com\/nuevo\/wp-content\/uploads\/2024\/05\/fondo-auto3-480x321.jpg 480w\" sizes=\"(max-width: 1920px) 100vw, 1920px\" alt=\"\" \t\tclass=\"so-widget-image\"\/>\n\t<\/div>\n\n<\/div><\/div><\/div><div id=\"panel-122-2-0-1\" class=\"so-panel widget widget_sow-editor panel-last-child\" data-index=\"4\" ><div class=\"panel-widget-style panel-widget-style-for-122-2-0-1\" ><div\n\t\t\t\n\t\t\tclass=\"so-widget-sow-editor so-widget-sow-editor-base\"\n\t\t\t\n\t\t><h3 class=\"widget-title\">VENTA DE AUTOS CL\u00c1SICOS<\/h3>\n<div class=\"siteorigin-widget-tinymce textwidget\">\n\t<div class=\"elementor-element elementor-element-8bee072 elementor-widget elementor-widget-heading\" data-id=\"8bee072\" data-element_type=\"widget\" data-widget_type=\"heading.default\">\n<div class=\"elementor-widget-container\">\n<h2 class=\"elementor-heading-title elementor-size-default\"><span style=\"font-size: 16px;\">Contamos con una amplia trayectoria en el rubro, lo que le da al cliente un respaldo m\u00e1s que importante a la hora de comprar un auto cl\u00e1sico o sport.<\/span><\/h2>\n<\/div>\n<\/div>\n<p>Todos los veh\u00edculos son revisados por personal altamente calificado, para dar la\u00a0garant\u00eda\u00a0de que el auto se encuentra en\u00a0\u00f3ptimas condiciones.<\/p>\n<p>La documentaci\u00f3n\u00a0de las unidades\u00a0se verifica\u00a0previo al ingreso al local.<\/p>\n<p>Disponemos de autos de casi todas las \u00e9pocas.<\/p>\n<p>Disfrute\u00a0de nuestra galer\u00eda de autos y\u00a0p\u00f3ngase en contacto\u00a0para m\u00e1s informacion,\u00a0los esperamos...<\/p>\n<\/div>\n<\/div><\/div><\/div><\/div><\/div><\/div><div id=\"pg-122-3\"  class=\"panel-grid panel-has-style\" ><div class=\"panel-row-style panel-row-style-for-122-3\" ><div id=\"pgc-122-3-0\"  class=\"panel-grid-cell\" ><div id=\"panel-122-3-0-0\" class=\"so-panel widget widget_sow-button panel-first-child panel-last-child\" data-index=\"5\" ><div\n\t\t\t\n\t\t\tclass=\"so-widget-sow-button so-widget-sow-button-flat-439efad2efd1-122\"\n\t\t\t\n\t\t><div class=\"ow-button-base ow-button-align-center\"\n>\n\t\t\t<a\n\t\t\t\t\thref=\"https:\/\/autosdeepoca.com\/nuevo\/tienda2\/\"\n\t\t\t\t\tclass=\"sowb-button ow-icon-placement-left ow-button-hover\" \t>\n\t\t<span>\n\t\t\t\n\t\t\tGaler\u00eda coches para la venta\t\t<\/span>\n\t\t\t<\/a>\n\t<\/div>\n<\/div><\/div><\/div><div id=\"pgc-122-3-1\"  class=\"panel-grid-cell\" ><div id=\"panel-122-3-1-0\" class=\"so-panel widget widget_sow-button panel-first-child panel-last-child\" data-index=\"6\" ><div\n\t\t\t\n\t\t\tclass=\"so-widget-sow-button so-widget-sow-button-flat-439efad2efd1-122\"\n\t\t\t\n\t\t><div class=\"ow-button-base ow-button-align-center\"\n>\n\t\t\t<a\n\t\t\t\tclass=\"sowb-button ow-icon-placement-left ow-button-hover\" \t>\n\t\t<span>\n\t\t\t\n\t\t\tCoches vendidos\t\t<\/span>\n\t\t\t<\/a>\n\t<\/div>\n<\/div><\/div><\/div><\/div><\/div><div id=\"pg-122-4\"  class=\"panel-grid panel-no-style\" ><div id=\"pgc-122-4-0\"  class=\"panel-grid-cell\" ><div id=\"panel-122-4-0-0\" class=\"so-panel widget widget_sow-testimonials panel-first-child panel-last-child\" data-index=\"7\" ><div\n\t\t\t\n\t\t\tclass=\"so-widget-sow-testimonials so-widget-sow-testimonials-default-a4a6e01a465d-122\"\n\t\t\t\n\t\t><h3 class=\"widget-title\">Opiniones de nuestros clientes<\/h3><div class=\"sow-testimonials\">\n\t\t\t\t\t<div class=\"sow-testimonial-wrapper sow-user-middle sow-layout-text-above\">\n\t\t\t<div class=\"sow-testimonial\">\n\t\t\t\t\t\t\t\t\t<div class=\"sow-testimonial-text\">\n\t\t\t\t\t\t<p>\"Todos los autos que ofrecen est\u00e1n impecables. Los due\u00f1os son macanudos y con mucha paciencia. No concretamos la operaci\u00f3n pero por cuesti\u00f3n de presupuesto. Los veh\u00edculos, en gran estado\"<\/p>\n\t\t\t\t\t<\/div>\n\t\t\t\t\n\t\t\t\t<div class=\"sow-testimonial-user\">\n\t\t\t\t\t\n\t\t\t\t\t<div class=\"sow-text\">\n\t\t\t\t\t\t\t\t\t\t\t\t\t<span class=\"sow-testimonial-name\"><strong>Alberto Sampayo<\/strong><\/span>\n\t\t\t\t\t\t\t\t\t\t\t\t\t\t\t\t\t\t\t\t\t\t\t\t\t\t\t\t\t<\/div>\n\t\t\t\t<\/div>\n\n\t\t\t\t\t\t\t<\/div>\n\t\t<\/div>\n\t<\/div>\n<\/div><\/div><\/div><\/div><div id=\"pg-122-5\"  class=\"panel-grid panel-has-style\" ><div class=\"siteorigin-panels-stretch panel-row-style panel-row-style-for-122-5\" id=\"contact-2\" data-stretch-type=\"full\" ><div id=\"pgc-122-5-0\"  class=\"panel-grid-cell\" ><div id=\"panel-122-5-0-0\" class=\"so-panel widget widget_sow-editor panel-first-child panel-last-child\" data-index=\"8\" ><div class=\"panel-widget-style panel-widget-style-for-122-5-0-0\" ><div\n\t\t\t\n\t\t\tclass=\"so-widget-sow-editor so-widget-sow-editor-base\"\n\t\t\t\n\t\t><h3 class=\"widget-title\">INFORMACI\u00d3N DE CONTACTO<\/h3>\n<div class=\"siteorigin-widget-tinymce textwidget\">\n\t<hr \/>\n<p>+54 9 223 521 6012<\/p>\n<p>+54 9 223 475 0207<\/p>\n<p>contacto@autosdeepoca.com<\/p>\n<p>San Juan 2731<\/p>\n<p>Argentina - Buenos Aires<\/p>\n<p>Mar del Plata<\/p>\n<p>&nbsp;<\/p>\n<\/div>\n<\/div><\/div><\/div><\/div><div id=\"pgc-122-5-1\"  class=\"panel-grid-cell\" ><div id=\"panel-122-5-1-0\" class=\"widget_text so-panel widget widget_custom_html panel-first-child panel-last-child\" data-index=\"9\" ><h3 class=\"widget-title\">FORMULARIO DE CONTACTO<\/h3><div class=\"textwidget custom-html-widget\"><div id=\"cf7cstmzr-form\" class=\"cf7cstmzr-form-aad3656 cf7cstmzr-form\">\n<div class=\"wpcf7 no-js\" id=\"wpcf7-f169-o1\" lang=\"es-AR\" dir=\"ltr\" data-wpcf7-id=\"169\">\n<div class=\"screen-reader-response\"><p role=\"status\" aria-live=\"polite\" aria-atomic=\"true\"><\/p> <ul><\/ul><\/div>\n<form action=\"\/nuevo\/wp-json\/wp\/v2\/pages\/122#wpcf7-f169-o1\" method=\"post\" class=\"wpcf7-form init\" aria-label=\"Formulario de contacto\" novalidate=\"novalidate\" data-status=\"init\">\n<fieldset class=\"hidden-fields-container\"><input type=\"hidden\" name=\"_wpcf7\" value=\"169\" \/><input type=\"hidden\" name=\"_wpcf7_version\" value=\"6.1.5\" \/><input type=\"hidden\" name=\"_wpcf7_locale\" value=\"es_AR\" \/><input type=\"hidden\" name=\"_wpcf7_unit_tag\" value=\"wpcf7-f169-o1\" \/><input type=\"hidden\" name=\"_wpcf7_container_post\" value=\"0\" \/><input type=\"hidden\" name=\"_wpcf7_posted_data_hash\" value=\"\" \/>\n<\/fieldset>\n<p><label> Tu nombre y apellido<br \/>\n<span class=\"wpcf7-form-control-wrap\" data-name=\"your-name\"><input size=\"40\" maxlength=\"400\" class=\"wpcf7-form-control wpcf7-text wpcf7-validates-as-required\" autocomplete=\"name\" aria-required=\"true\" aria-invalid=\"false\" value=\"\" type=\"text\" name=\"your-name\" \/><\/span> <\/label>\n<\/p>\n<div style=\"width:40%; float: left;\">\n\t<p><label> Tu correo electr\u00f3nico<br \/>\n<span class=\"wpcf7-form-control-wrap\" data-name=\"your-email\"><input size=\"40\" maxlength=\"400\" class=\"wpcf7-form-control wpcf7-email wpcf7-validates-as-required wpcf7-text wpcf7-validates-as-email\" autocomplete=\"email\" aria-required=\"true\" aria-invalid=\"false\" value=\"\" type=\"email\" name=\"your-email\" \/><\/span> <\/label>\n\t<\/p>\n<\/div>\n<div style=\"width:40%; float: right;\">\n\t<p><label> Tu tel\u00e9fono<br \/>\n<span class=\"wpcf7-form-control-wrap\" data-name=\"tel\"><input size=\"40\" maxlength=\"400\" class=\"wpcf7-form-control wpcf7-tel wpcf7-text wpcf7-validates-as-tel\" aria-invalid=\"false\" value=\"\" type=\"tel\" name=\"tel\" \/><\/span> <\/label>\n\t<\/p>\n<\/div>\n<div style=\"clear:both;\">\n\t<p><label> Tu mensaje (opcional)<br \/>\n<span class=\"wpcf7-form-control-wrap\" data-name=\"your-message\"><textarea cols=\"40\" rows=\"10\" maxlength=\"2000\" class=\"wpcf7-form-control wpcf7-textarea\" aria-invalid=\"false\" name=\"your-message\"><\/textarea><\/span> <\/label>\n\t<\/p>\n<\/div>\n<p><input class=\"wpcf7-form-control wpcf7-submit has-spinner\" type=\"submit\" value=\"Enviar\" \/>\n<\/p><div class=\"wpcf7-response-output\" aria-hidden=\"true\"><\/div>\n<\/form>\n<\/div>\n<\/div><\/div><\/div><\/div><\/div><\/div><\/div>","protected":false},"excerpt":{"rendered":"<p>\u00a1Bienvenidos a Autos de \u00e9poca! Aqu\u00ed revivimos la elegancia y el esp\u00edritu de los autom\u00f3viles que marcaron \u00e9poca. Somos apasionados por los autos cl\u00e1sicos y nos dedicamos a conectar a coleccionistas y amantes de estos tesoros sobre ruedas con las piezas m\u00e1s exclusivas y bien conservadas. Nuestra plataforma ofrece una selecci\u00f3n cuidadosamente curada de veh\u00edculos [&hellip;]<\/p>\n","protected":false},"author":1,"featured_media":0,"parent":0,"menu_order":0,"comment_status":"closed","ping_status":"closed","template":"","meta":{"footnotes":""},"class_list":["post-122","page","type-page","status-publish","hentry","post"],"_links":{"self":[{"href":"https:\/\/autosdeepoca.com\/nuevo\/wp-json\/wp\/v2\/pages\/122","targetHints":{"allow":["GET"]}}],"collection":[{"href":"https:\/\/autosdeepoca.com\/nuevo\/wp-json\/wp\/v2\/pages"}],"about":[{"href":"https:\/\/autosdeepoca.com\/nuevo\/wp-json\/wp\/v2\/types\/page"}],"author":[{"embeddable":true,"href":"https:\/\/autosdeepoca.com\/nuevo\/wp-json\/wp\/v2\/users\/1"}],"replies":[{"embeddable":true,"href":"https:\/\/autosdeepoca.com\/nuevo\/wp-json\/wp\/v2\/comments?post=122"}],"version-history":[{"count":51,"href":"https:\/\/autosdeepoca.com\/nuevo\/wp-json\/wp\/v2\/pages\/122\/revisions"}],"predecessor-version":[{"id":780,"href":"https:\/\/autosdeepoca.com\/nuevo\/wp-json\/wp\/v2\/pages\/122\/revisions\/780"}],"wp:attachment":[{"href":"https:\/\/autosdeepoca.com\/nuevo\/wp-json\/wp\/v2\/media?parent=122"}],"curies":[{"name":"wp","href":"https:\/\/api.w.org\/{rel}","templated":true}]}}